{"id":2707,"date":"2022-03-11T14:37:29","date_gmt":"2022-03-11T14:37:29","guid":{"rendered":"https:\/\/bikotels.com\/?page_id=2707"},"modified":"2026-02-18T15:26:22","modified_gmt":"2026-02-18T15:26:22","slug":"aderir-a-rede-bikotel","status":"publish","type":"page","link":"https:\/\/bikotels.com\/en\/aderir-a-rede-bikotel\/","title":{"rendered":"Joining bikotel network"},"content":{"rendered":"<p>[vc_row row_height_percent=&#8221;0&#8243; override_padding=&#8221;yes&#8221; h_padding=&#8221;2&#8243; top_padding=&#8221;3&#8243; bottom_padding=&#8221;1&#8243; overlay_alpha=&#8221;50&#8243; gutter_size=&#8221;3&#8243; column_width_percent=&#8221;100&#8243; shift_y=&#8221;0&#8243; z_index=&#8221;0&#8243; uncode_shortcode_id=&#8221;769496&#8243;][vc_column width=&#8221;1\/6&#8243;][\/vc_column][vc_column width=&#8221;2\/3&#8243;][vc_column_text text_lead=&#8221;yes&#8221; uncode_shortcode_id=&#8221;139008&#8243;]<em>A pandemia, a emerg\u00eancia clim\u00e1tica e a vaga das e-bikes est\u00e3o a impulsionar uma maior utiliza\u00e7\u00e3o de bicicletas e a procura de um turismo suave e sustent\u00e1vel. Segunda a European Cyclists Federation, entre 2019 e 2021, o cicloturismo na Europa cresceu a dois d\u00edgitos. Pedale esta tend\u00eancia e tire o m\u00e1ximo partido da localiza\u00e7\u00e3o da sua unidade <strong>bikotel<\/strong>.<\/em>[\/vc_column_text][\/vc_column][vc_column width=&#8221;1\/6&#8243;][\/vc_column][\/vc_row][vc_row row_height_percent=&#8221;0&#8243; override_padding=&#8221;yes&#8221; h_padding=&#8221;2&#8243; top_padding=&#8221;2&#8243; bottom_padding=&#8221;3&#8243; overlay_alpha=&#8221;100&#8243; gutter_size=&#8221;2&#8243; column_width_percent=&#8221;100&#8243; border_style=&#8221;solid&#8221; shift_y=&#8221;0&#8243; z_index=&#8221;0&#8243; style=&#8221;inherited&#8221; css=&#8221;.vc_custom_1656634846997{border-bottom-width: 1px !important;}&#8221; uncode_shortcode_id=&#8221;646554&#8243;][vc_column column_width_percent=&#8221;100&#8243; gutter_size=&#8221;3&#8243; overlay_alpha=&#8221;100&#8243; shift_x=&#8221;0&#8243; shift_y=&#8221;0&#8243; shift_y_down=&#8221;0&#8243; z_index=&#8221;0&#8243; medium_width=&#8221;0&#8243; mobile_width=&#8221;0&#8243; zoom_width=&#8221;0&#8243; zoom_height=&#8221;0&#8243; width=&#8221;1\/3&#8243; uncode_shortcode_id=&#8221;100438&#8243;][uncode_pricing title=&#8221;PR\u00c9-ADES\u00c3O|Aposte na sua localiza\u00e7\u00e3o e invista numa experi\u00eancia de acolhimento bike friendly&#8221; price=&#8221;GR\u00c1TIS|Tem 90 dias para demonstrar que consegue oferecer o n\u00edvel de servi\u00e7o bikotel&#8221; price_color=&#8221;accent&#8221; col_elements=&#8221;tb&#8221; align=&#8221;left&#8221; body=&#8221;P\u00e1gina de perfil|Inclua a sua unidade nos portais bikotel e Outdooractive publicitando a sua localiza\u00e7\u00e3o<br \/>\nPortal bikotel |Coloque a sua unidade na pesquisa e nas galerias e mapas gerais da maior rede nacional de percursos cicl\u00e1veis e alojamentos bike friendly<br \/>\nPortal Outdooractive |Exponha a sua unidade a uma comunidade global com mais de 12 milh\u00f5es de apaixonados pelas atividades outdoor&#8221; button=&#8221;url:https%3A%2F%2Fbikotels.com%2Fpre-adesao%2F|title:Fa%C3%A7a%20a%20pr%C3%A9-ades%C3%A3o%20agora!&#8221; uncode_shortcode_id=&#8221;171258&#8243; price_color_type=&#8221;uncode-palette&#8221;][\/vc_column][vc_column column_width_percent=&#8221;100&#8243; gutter_size=&#8221;3&#8243; overlay_alpha=&#8221;100&#8243; shift_x=&#8221;0&#8243; shift_y=&#8221;0&#8243; shift_y_down=&#8221;0&#8243; z_index=&#8221;0&#8243; medium_width=&#8221;0&#8243; mobile_width=&#8221;0&#8243; zoom_width=&#8221;0&#8243; zoom_height=&#8221;0&#8243; width=&#8221;1\/3&#8243; uncode_shortcode_id=&#8221;760249&#8243;][uncode_pricing title=&#8221;BIKOTEL OFICIAL|Fa\u00e7a parte da rede oficial e seja reconhecidamente bike friendly&#8221; price=&#8221;299\u20ac*|Um s\u00f3 pagamento, todos os servi\u00e7os enquanto mantiver o n\u00edvel de servi\u00e7o bikotel&#8221; price_color=&#8221;accent&#8221; col_elements=&#8221;tb&#8221; align=&#8221;left&#8221; body=&#8221;P\u00e1gina de perfil|Melhore a apresenta\u00e7\u00e3o da sua unidade com sum\u00e1rio, descri\u00e7\u00e3o e indica\u00e7\u00e3o de pre\u00e7o<br \/>\nD\u00edstico bikotel|Distinga-se perante os cicloturistas, seja reconhecidamente bike friendly<br \/>\nIns\u00edgnias bikotel|Exiba em local destacado do seu perfil todos os servi\u00e7os bikotel que oferece aos seus h\u00f3spedes<br \/>\nLeads de cicloturistas|Receba no seu email os pedidos de disponibilidade e reservas registadas no portal bikotel no prazo m\u00e1ximo de 48h<br \/>\nPercursos bikotel|Exiba no seu perfil at\u00e9 tr\u00eas percursos cicl\u00e1veis nas imedia\u00e7\u00f5es da unidade, incluindo percursos ic\u00f3nicos, e tenha um ponto clic\u00e1vel nos respetivos mapas<br \/>\nDestinos bikotel|Se estiver localizado num destino bikotel, fa\u00e7a parte de uma rede integrada de percursos e alojamentos que proporciona a melhor experi\u00eancia aos cicloturistas<br \/>\nPublica\u00e7\u00e3o de programa|Publique uma p\u00e1gina para um programa da sua unidade em ambos os portais, com galeria, todos os detalhes e link direto para a sua p\u00e1gina de reserva<br \/>\nAplica\u00e7\u00e3o Outdooractive|Ofere\u00e7a aos seus h\u00f3spedes a possibilidade de navegar por GPS nos percursos nas imedia\u00e7\u00f5es da sua unidade com smartphone (Android e iOS) ou smartwatch<br \/>\nMapa para website|Publique um mapa dos percursos nas imedia\u00e7\u00f5es da sua unidade no respetivo website, destacando de forma din\u00e2mica e interativa a oferta cicl\u00e1vel nas imedia\u00e7\u00f5es&#8221; button=&#8221;url:https%3A%2F%2Fbikotels.com%2Fadesao-bikotel%2F|title:Adira%20j%C3%A1!&#8221; uncode_shortcode_id=&#8221;799990&#8243; price_color_type=&#8221;uncode-palette&#8221;][\/vc_column][vc_column column_width_percent=&#8221;100&#8243; gutter_size=&#8221;3&#8243; overlay_alpha=&#8221;100&#8243; shift_x=&#8221;0&#8243; shift_y=&#8221;0&#8243; shift_y_down=&#8221;0&#8243; z_index=&#8221;0&#8243; medium_width=&#8221;0&#8243; mobile_width=&#8221;0&#8243; zoom_width=&#8221;0&#8243; zoom_height=&#8221;0&#8243; width=&#8221;1\/3&#8243; uncode_shortcode_id=&#8221;173406&#8243;][uncode_pricing title=&#8221;BIKOTEL PLUS|Destaque-se e automatize os pedidos de reservas a partir do portal bikotel&#8221; price=&#8221;499\u20ac*|Um s\u00f3 pagamento, todos os servi\u00e7os enquanto mantiver o n\u00edvel de servi\u00e7o bikotel&#8221; price_color=&#8221;accent&#8221; col_elements=&#8221;tb&#8221; align=&#8221;left&#8221; body=&#8221;Bot\u00e3o de reserva|Automatize os pedidos de reservas e acelere a resposta ligando o perfil da sua unidade no portal bikotel diretamente \u00e0 sua p\u00e1gina de reservas<br \/>\nDestaque nos mapas e listagens|Ao completar o perfil da sua unidade com mais informa\u00e7\u00e3o (ex: tel, email, website, morada, galeria, comodidades, hor\u00e1rios, e acessos), melhora o seu ranking comparativamente \u00e0s restantes e ganha destaque nos mapas e nas listagens de ambos os portais &#8211; bikotel e Outdooractive<br \/>\nPercursos bikotel|Exiba no seu perfil at\u00e9 seis percursos cicl\u00e1veis nas imedia\u00e7\u00f5es da unidade, incluindo percursos ic\u00f3nicos, e tenha um ponto clic\u00e1vel nos respetivos mapas<br \/>\nPublica\u00e7\u00e3o de programas|Publique at\u00e9 3 programas da sua unidade em ambos os portais, com galeria, todos os detalhes e link direto para a sua p\u00e1gina de reserva<br \/>\nPacote para publica\u00e7\u00e3o de at\u00e9 tr\u00eas conte\u00fados extra|Ligue-se a mais percursos ou promova mais programas ou eventos da sua unidade em ambos os portais (oferta inclu\u00edda no valor de 150\u20ac)<br \/>\nMapa para website|Para al\u00e9m dos mapas dos percursos, publique um mapa geral com todos os percursos no website da sua unidade, destacando de forma din\u00e2mica e interativa a oferta cicl\u00e1vel nas imedia\u00e7\u00f5es&#8221; button=&#8221;url:https%3A%2F%2Fbikotels.com%2Fadesao-bikotel%2F|title:Adira%20j%C3%A1!&#8221; uncode_shortcode_id=&#8221;110577&#8243; price_color_type=&#8221;uncode-palette&#8221;][\/vc_column][\/vc_row][vc_row][vc_column column_width_percent=&#8221;100&#8243; position_horizontal=&#8221;left&#8221; position_vertical=&#8221;bottom&#8221; gutter_size=&#8221;3&#8243; overlay_alpha=&#8221;50&#8243; shift_x=&#8221;0&#8243; shift_y=&#8221;0&#8243; shift_y_down=&#8221;0&#8243; z_index=&#8221;0&#8243; medium_width=&#8221;0&#8243; mobile_width=&#8221;0&#8243; width=&#8221;1\/1&#8243; uncode_shortcode_id=&#8221;975175&#8243;][vc_column_text uncode_shortcode_id=&#8221;156990&#8243;]* Aos valores apresentados acresce o IVA \u00e0 taxa legal em vigor.[\/vc_column_text][\/vc_column][\/vc_row][vc_row unlock_row_content=&#8221;yes&#8221; row_height_percent=&#8221;0&#8243; override_padding=&#8221;yes&#8221; h_padding=&#8221;0&#8243; top_padding=&#8221;2&#8243; bottom_padding=&#8221;4&#8243; overlay_alpha=&#8221;50&#8243; gutter_size=&#8221;3&#8243; column_width_percent=&#8221;100&#8243; shift_y=&#8221;0&#8243; z_index=&#8221;0&#8243; uncode_shortcode_id=&#8221;136028&#8243;][vc_column width=&#8221;1\/1&#8243;][vc_button size=&#8221;btn-sm&#8221; wide=&#8221;yes&#8221; border_width=&#8221;0&#8243; link=&#8221;url:https%3A%2F%2Fbikotels.com%2Frequisitos-bikotel%2F|title:Requisitos%20bikotel&#8221; uncode_shortcode_id=&#8221;144219&#8243;]Quais s\u00e3o os requisitos bikotel?[\/vc_button][\/vc_column][\/vc_row][vc_row unlock_row_content=&#8221;yes&#8221; row_height_percent=&#8221;0&#8243; override_padding=&#8221;yes&#8221; h_padding=&#8221;0&#8243; top_padding=&#8221;0&#8243; bottom_padding=&#8221;0&#8243; overlay_alpha=&#8221;50&#8243; equal_height=&#8221;yes&#8221; gutter_size=&#8221;0&#8243; column_width_percent=&#8221;100&#8243; shift_y=&#8221;0&#8243; z_index=&#8221;0&#8243; el_class=&#8221;inverted-device-order&#8221;][vc_column column_width_percent=&#8221;100&#8243; align_horizontal=&#8221;align_center&#8221; gutter_size=&#8221;3&#8243; override_padding=&#8221;yes&#8221; column_padding=&#8221;5&#8243; overlay_alpha=&#8221;50&#8243; shift_x=&#8221;0&#8243; shift_y=&#8221;0&#8243; shift_y_down=&#8221;0&#8243; z_index=&#8221;0&#8243; medium_width=&#8221;0&#8243; mobile_width=&#8221;0&#8243; width=&#8221;1\/2&#8243;][vc_custom_heading text_color=&#8221;accent&#8221; heading_semantic=&#8221;h6&#8243; text_size=&#8221;h6&#8243; text_transform=&#8221;uppercase&#8221; uncode_shortcode_id=&#8221;607514&#8243; text_color_type=&#8221;uncode-palette&#8221;]bike friendly experts[\/vc_custom_heading][vc_custom_heading text_size=&#8221;fontsize-16972755&#8243; uncode_shortcode_id=&#8221;124267&#8243;]Somos o parceiro certo para o seu investimento[\/vc_custom_heading][vc_column_text text_lead=&#8221;yes&#8221; uncode_shortcode_id=&#8221;673170&#8243;]Apoie-se na nossa experi\u00eancia e tecnologia para desenhar e instalar uma experi\u00eancia <em>bike friendly<\/em> de excel\u00eancia e para ativar e rentabilizar o seu investimento com a\u00e7\u00f5es de marketing dentro das plataformas <strong>bikotel<\/strong> e Outdooractive.[\/vc_column_text][vc_button button_color=&#8221;accent&#8221; border_width=&#8221;0&#8243; link=&#8221;url:%23||target:%20_blank|&#8221; button_color_type=&#8221;uncode-palette&#8221; uncode_shortcode_id=&#8221;189081&#8243;]Apresente-nos o seu desafio![\/vc_button][\/vc_column][vc_column column_width_percent=&#8221;100&#8243; gutter_size=&#8221;3&#8243; back_image=&#8221;87&#8243; overlay_alpha=&#8221;50&#8243; shift_x=&#8221;0&#8243; shift_y=&#8221;0&#8243; shift_y_down=&#8221;0&#8243; z_index=&#8221;0&#8243; medium_width=&#8221;0&#8243; mobile_width=&#8221;0&#8243; width=&#8221;1\/2&#8243; mobile_height=&#8221;340&#8243; uncode_shortcode_id=&#8221;197460&#8243;][\/vc_column][\/vc_row]<\/p>","protected":false},"excerpt":{"rendered":"<p>[vc_row row_height_percent=&#8221;0&#8243; override_padding=&#8221;yes&#8221; h_padding=&#8221;2&#8243; top_padding=&#8221;3&#8243; bottom_padding=&#8221;1&#8243; overlay_alpha=&#8221;50&#8243; gutter_size=&#8221;3&#8243; column_width_percent=&#8221;100&#8243; shift_y=&#8221;0&#8243; z_index=&#8221;0&#8243; uncode_shortcode_id=&#8221;769496&#8243;][vc_column width=&#8221;1\/6&#8243;][\/vc_column][vc_column width=&#8221;2\/3&#8243;][vc_column_text text_lead=&#8221;yes&#8221; uncode_shortcode_id=&#8221;139008&#8243;]A pandemia, a emerg\u00eancia clim\u00e1tica [&hellip;]<\/p>\n","protected":false},"author":2,"featured_media":2781,"parent":0,"menu_order":0,"comment_status":"closed","ping_status":"closed","template":"","meta":{"footnotes":""},"class_list":["post-2707","page","type-page","status-publish","has-post-thumbnail","hentry"],"_links":{"self":[{"href":"https:\/\/bikotels.com\/en\/wp-json\/wp\/v2\/pages\/2707","targetHints":{"allow":["GET"]}}],"collection":[{"href":"https:\/\/bikotels.com\/en\/wp-json\/wp\/v2\/pages"}],"about":[{"href":"https:\/\/bikotels.com\/en\/wp-json\/wp\/v2\/types\/page"}],"author":[{"embeddable":true,"href":"https:\/\/bikotels.com\/en\/wp-json\/wp\/v2\/users\/2"}],"replies":[{"embeddable":true,"href":"https:\/\/bikotels.com\/en\/wp-json\/wp\/v2\/comments?post=2707"}],"version-history":[{"count":372,"href":"https:\/\/bikotels.com\/en\/wp-json\/wp\/v2\/pages\/2707\/revisions"}],"predecessor-version":[{"id":5945,"href":"https:\/\/bikotels.com\/en\/wp-json\/wp\/v2\/pages\/2707\/revisions\/5945"}],"wp:featuredmedia":[{"embeddable":true,"href":"https:\/\/bikotels.com\/en\/wp-json\/wp\/v2\/media\/2781"}],"wp:attachment":[{"href":"https:\/\/bikotels.com\/en\/wp-json\/wp\/v2\/media?parent=2707"}],"curies":[{"name":"wp","href":"https:\/\/api.w.org\/{rel}","templated":true}]}}