{"id":2822,"date":"2022-03-12T21:35:48","date_gmt":"2022-03-12T21:35:48","guid":{"rendered":"https:\/\/bikotels.com\/?page_id=2822"},"modified":"2022-05-13T12:50:48","modified_gmt":"2022-05-13T11:50:48","slug":"pre-adesao","status":"publish","type":"page","link":"https:\/\/bikotels.com\/en\/pre-adesao\/","title":{"rendered":"(Portugu\u00eas) Pr\u00e9-Ades\u00e3o"},"content":{"rendered":"<p class=\"qtranxs-available-languages-message qtranxs-available-languages-message-en\">Sorry, this entry is only available in <a href=\"https:\/\/bikotels.com\/pt\/wp-json\/wp\/v2\/pages\/2822\" class=\"qtranxs-available-language-link qtranxs-available-language-link-pt\" title=\"Portugu\u00eas\">Portugu\u00eas<\/a>.<\/p>","protected":false},"excerpt":{"rendered":"<p>Sorry, this entry is only available in Portugu\u00eas.<\/p>\n","protected":false},"author":2,"featured_media":0,"parent":0,"menu_order":0,"comment_status":"closed","ping_status":"closed","template":"","meta":{"footnotes":""},"class_list":["post-2822","page","type-page","status-publish","hentry"],"_links":{"self":[{"href":"https:\/\/bikotels.com\/en\/wp-json\/wp\/v2\/pages\/2822","targetHints":{"allow":["GET"]}}],"collection":[{"href":"https:\/\/bikotels.com\/en\/wp-json\/wp\/v2\/pages"}],"about":[{"href":"https:\/\/bikotels.com\/en\/wp-json\/wp\/v2\/types\/page"}],"author":[{"embeddable":true,"href":"https:\/\/bikotels.com\/en\/wp-json\/wp\/v2\/users\/2"}],"replies":[{"embeddable":true,"href":"https:\/\/bikotels.com\/en\/wp-json\/wp\/v2\/comments?post=2822"}],"version-history":[{"count":22,"href":"https:\/\/bikotels.com\/en\/wp-json\/wp\/v2\/pages\/2822\/revisions"}],"predecessor-version":[{"id":3492,"href":"https:\/\/bikotels.com\/en\/wp-json\/wp\/v2\/pages\/2822\/revisions\/3492"}],"wp:attachment":[{"href":"https:\/\/bikotels.com\/en\/wp-json\/wp\/v2\/media?parent=2822"}],"curies":[{"name":"wp","href":"https:\/\/api.w.org\/{rel}","templated":true}]}}