{"id":4883,"date":"2024-07-11T16:21:06","date_gmt":"2024-07-11T15:21:06","guid":{"rendered":"https:\/\/bikotels.com\/?page_id=4883"},"modified":"2024-07-24T17:50:55","modified_gmt":"2024-07-24T16:50:55","slug":"termos-e-condicoes-bikotel","status":"publish","type":"page","link":"https:\/\/bikotels.com\/en\/termos-e-condicoes-bikotel\/","title":{"rendered":"(Portugu\u00eas) Termos e Condi\u00e7\u00f5es bikotel"},"content":{"rendered":"<p class=\"qtranxs-available-languages-message qtranxs-available-languages-message-en\">Sorry, this entry is only available in <a href=\"https:\/\/bikotels.com\/pt\/wp-json\/wp\/v2\/pages\/4883\" class=\"qtranxs-available-language-link qtranxs-available-language-link-pt\" title=\"Portugu\u00eas\">Portugu\u00eas<\/a>.<\/p>","protected":false},"excerpt":{"rendered":"<p>Sorry, this entry is only available in Portugu\u00eas.<\/p>\n","protected":false},"author":2,"featured_media":0,"parent":0,"menu_order":0,"comment_status":"closed","ping_status":"closed","template":"","meta":{"footnotes":""},"class_list":["post-4883","page","type-page","status-publish","hentry"],"_links":{"self":[{"href":"https:\/\/bikotels.com\/en\/wp-json\/wp\/v2\/pages\/4883","targetHints":{"allow":["GET"]}}],"collection":[{"href":"https:\/\/bikotels.com\/en\/wp-json\/wp\/v2\/pages"}],"about":[{"href":"https:\/\/bikotels.com\/en\/wp-json\/wp\/v2\/types\/page"}],"author":[{"embeddable":true,"href":"https:\/\/bikotels.com\/en\/wp-json\/wp\/v2\/users\/2"}],"replies":[{"embeddable":true,"href":"https:\/\/bikotels.com\/en\/wp-json\/wp\/v2\/comments?post=4883"}],"version-history":[{"count":13,"href":"https:\/\/bikotels.com\/en\/wp-json\/wp\/v2\/pages\/4883\/revisions"}],"predecessor-version":[{"id":5069,"href":"https:\/\/bikotels.com\/en\/wp-json\/wp\/v2\/pages\/4883\/revisions\/5069"}],"wp:attachment":[{"href":"https:\/\/bikotels.com\/en\/wp-json\/wp\/v2\/media?parent=4883"}],"curies":[{"name":"wp","href":"https:\/\/api.w.org\/{rel}","templated":true}]}}